{"id":29,"date":"2018-12-06T17:49:51","date_gmt":"2018-12-06T16:49:51","guid":{"rendered":"http:\/\/www.pietropasquetti.it\/?page_id=29"},"modified":"2025-08-11T16:45:57","modified_gmt":"2025-08-11T14:45:57","slug":"home","status":"publish","type":"page","link":"https:\/\/www.pietropasquetti.it\/","title":{"rendered":"Home"},"content":{"rendered":"<p><span style=\"color: #ff0000;\"><strong><u>Medico Specialista<\/u>: Fisiatria, Medicina dello Sport<\/strong><\/span><br \/><strong>Socio attivo di societ\u00e0 scientifiche mediche: <\/strong><\/p>\n<ul style=\"margin-top: -15px;\">\n<li><strong>S.I.M.F.E.R. &#8211; Societ\u00e0 Italiana Medicina Fisica e Riabilitativa<\/strong><\/li>\n<li><strong>A.N.F &#8211; Associazione Nazionale Fisiatri<\/strong><\/li>\n<li><strong>S.I.P.P. &#8211; Societ\u00e0 Italiana Piede e Postura<\/strong><\/li>\n<\/ul>\n<p><span style=\"color: #ff0000;\"><strong>Gi\u00e0 <span style=\"font-size: 19px; font-weight: bolder;\">Primario<\/span> Struttura Complessa : RIABILITAZIONE &#8211;\u00a0<u>C.T.O.<\/u>&#8211;<\/strong><\/span><br \/><span style=\"color: #ff0000;\"><strong>Azienda Ospedaliera-Universitaria Careggi- Firenze-<\/strong><\/span><\/p>\n<p><strong><span style=\"font-size: 19px; font-weight: bolder;\">Docente<\/span> fin dal 1986: Medicina Fisica e Riabilitazione<\/strong><br \/><strong>Facolt\u00e0 di Medicina e Chirurgia &#8211; <\/strong><strong>Universit\u00e0 di Firenze<\/strong><\/p>\n<p style=\"display: inline-block;\"><strong><img decoding=\"async\" loading=\"lazy\" class=\"alignnone size-full wp-image-105\" src=\"http:\/\/www.pietropasquetti.it\/wp-content\/uploads\/2018\/12\/page0-page0_tabcontents_1_-schermata-2014-11-24-alle-18.27.13.png\" alt=\"\" width=\"137\" height=\"164\" \/>\u00a0<\/strong><\/p>\n<p style=\"display: inline-block;\"><strong><img decoding=\"async\" loading=\"lazy\" class=\"alignnone size-full wp-image-106\" src=\"http:\/\/www.pietropasquetti.it\/wp-content\/uploads\/2018\/12\/page0-page0_tabcontents_1_-schermata-2014-11-24-alle-18.32.44.png\" alt=\"\" width=\"136\" height=\"165\" \/>\u00a0<\/strong><\/p>\n<p style=\"display: inline-block;\"><strong><img decoding=\"async\" loading=\"lazy\" class=\"alignnone size-full wp-image-107\" src=\"http:\/\/www.pietropasquetti.it\/wp-content\/uploads\/2018\/12\/page0-page0_tabcontents_1_-schermata-2014-11-24-alle-18.33.56.png\" alt=\"\" width=\"136\" height=\"164\" \/>\u00a0<\/strong><\/p>\n<p style=\"display: inline-block;\"><strong><img decoding=\"async\" loading=\"lazy\" class=\"alignnone size-full wp-image-108\" src=\"http:\/\/www.pietropasquetti.it\/wp-content\/uploads\/2018\/12\/page0-page0_tabcontents_1_-schermata-2014-11-24-alle-18.42.15-2.png\" alt=\"\" width=\"130\" height=\"165\" \/><br \/><\/strong><\/p>\n<p style=\"display: inline-block;\"><strong><img decoding=\"async\" loading=\"lazy\" class=\"alignnone size-full wp-image-116\" src=\"http:\/\/www.pietropasquetti.it\/wp-content\/uploads\/2018\/12\/51BILxsJJVL.jpg\" alt=\"\" width=\"120\" height=\"164\" \/><br \/><\/strong><\/p>\n<p style=\"display: inline-block;\"><strong><img decoding=\"async\" class=\"alignnone size-full wp-image-116\" src=\"http:\/\/www.pietropasquetti.it\/wp-content\/uploads\/2018\/12\/congresso.png\" alt=\"\" height=\"164\" \/>\u00a0<\/strong><\/p>\n<p><span style=\"color: #ff0000;\"><strong>Per appuntamenti visite mediche specialistiche <\/strong><strong>contattare:<br \/>&#8211; Firenze &#8211; Villa Cherubini Prosperius al numero tel. 055 50661<\/strong><\/span><br \/><span style=\"color: #ff0000;\"><b>Sito Web: <a style=\"color: #ff0000; margin-left: 10px;\" href=\"https:\/\/prosperius.it\" target=\"_blank\" rel=\"noopener\">prosperius.it<\/a><\/b><\/span><br \/><span style=\"color: #ff0000;\"><b>&#8211; Empoli &#8211; Ecomedica al numero tel. 0571 99281<\/b><\/span> <span style=\"color: #ff0000;\"><b><br \/>Sito Web: <a style=\"color: #ff0000; margin-left: 10px;\" href=\"https:\/\/www.ecomedica.it\/\" target=\"_blank\" rel=\"noopener\">www.ecomedica.it<\/a><\/b><\/span><\/p>\n<p><strong>E-mail: <a href=\"mailto:ilpoderedimario@gmail.com\">ilpoderedimario@gmail.com<\/a><\/strong><\/p>\n\n\n<p><\/p>\n","protected":false},"excerpt":{"rendered":"<p>Medico Specialista: Fisiatria, Medicina dello SportSocio attivo di societ\u00e0 scientifiche mediche: S.I.M.F.E.R. &#8211; Societ\u00e0 Italiana Medicina Fisica e Riabilitativa A.N.F &#8211; Associazione Nazionale Fisiatri S.I.P.P. &#8211; Societ\u00e0 Italiana Piede e Postura Gi\u00e0 Primario Struttura Complessa : RIABILITAZIONE &#8211;\u00a0C.T.O.&#8211;Azienda Ospedaliera-Universitaria Careggi- Firenze- Docente fin dal 1986: Medicina Fisica e RiabilitazioneFacolt\u00e0 di Medicina e Chirurgia &#8211; Universit\u00e0 [&hellip;]<\/p>\n","protected":false},"author":1,"featured_media":0,"parent":0,"menu_order":0,"comment_status":"closed","ping_status":"closed","template":"","meta":[],"_links":{"self":[{"href":"https:\/\/www.pietropasquetti.it\/index.php?rest_route=\/wp\/v2\/pages\/29"}],"collection":[{"href":"https:\/\/www.pietropasquetti.it\/index.php?rest_route=\/wp\/v2\/pages"}],"about":[{"href":"https:\/\/www.pietropasquetti.it\/index.php?rest_route=\/wp\/v2\/types\/page"}],"author":[{"embeddable":true,"href":"https:\/\/www.pietropasquetti.it\/index.php?rest_route=\/wp\/v2\/users\/1"}],"replies":[{"embeddable":true,"href":"https:\/\/www.pietropasquetti.it\/index.php?rest_route=%2Fwp%2Fv2%2Fcomments&post=29"}],"version-history":[{"count":24,"href":"https:\/\/www.pietropasquetti.it\/index.php?rest_route=\/wp\/v2\/pages\/29\/revisions"}],"predecessor-version":[{"id":280,"href":"https:\/\/www.pietropasquetti.it\/index.php?rest_route=\/wp\/v2\/pages\/29\/revisions\/280"}],"wp:attachment":[{"href":"https:\/\/www.pietropasquetti.it\/index.php?rest_route=%2Fwp%2Fv2%2Fmedia&parent=29"}],"curies":[{"name":"wp","href":"https:\/\/api.w.org\/{rel}","templated":true}]}}